{"id":12162,"date":"2024-12-15T13:52:32","date_gmt":"2024-12-15T18:52:32","guid":{"rendered":"https:\/\/www.latinationdance.com\/?post_type=product&#038;p=12162"},"modified":"2025-01-13T22:12:54","modified_gmt":"2025-01-14T03:12:54","slug":"america-3-latin","status":"publish","type":"product","link":"https:\/\/www.latinationdance.com\/pt-pt\/producto\/america-3-latin\/","title":{"rendered":"AMERICA \u2022 3 LATIN $66"},"content":{"rendered":"","protected":false},"excerpt":{"rendered":"<h3>3 LATIN \u2022 AMERICA<\/h3>\n<p><strong>Descripci\u00f3n:<\/strong> MEMBRESIA DE 3 LATIN &#8211; Acceso a Coreograf\u00edas creativas, bilaterales y org\u00e1nicas ejecutadas con movimientos grandes. Haciendo as\u00ed un efectivo entrenamiento para todo tu cuerpo.<\/p>\n<h3 style=\"color: red;\"><span style=\"color: #3366ff;\">VALIDO SOLO EN AMERICA<\/span><\/h3>\n","protected":false},"featured_media":12132,"template":"","meta":{"_acf_changed":false},"product_brand":[],"product_cat":[94],"product_tag":[],"class_list":{"0":"post-12162","1":"product","2":"type-product","3":"status-publish","4":"has-post-thumbnail","6":"product_cat-membership-america-pt-pt","7":"description-off","9":"first","10":"instock","11":"virtual","12":"purchasable","13":"product-type-simple"},"acf":[],"yoast_head":"<!-- This site is optimized with the Yoast SEO plugin v25.5 - https:\/\/yoast.com\/wordpress\/plugins\/seo\/ -->\n<title>AMERICA \u2022 3 LATIN $66 - Latination Dance Workout<\/title>\n<meta name=\"robots\" content=\"index, follow, max-snippet:-1, max-image-preview:large, max-video-preview:-1\" \/>\n<link rel=\"canonical\" href=\"https:\/\/www.latinationdance.com\/pt-pt\/producto\/america-3-latin\/\" \/>\n<meta property=\"og:locale\" content=\"pt_PT\" \/>\n<meta property=\"og:type\" content=\"article\" \/>\n<meta property=\"og:title\" content=\"AMERICA \u2022 3 LATIN $66 - Latination Dance Workout\" \/>\n<meta property=\"og:description\" content=\"3 LATIN \u2022 AMERICA Descripci\u00f3n: MEMBRESIA DE 3 LATIN - Acceso a Coreograf\u00edas creativas, bilaterales y org\u00e1nicas ejecutadas con movimientos grandes. Haciendo as\u00ed un efectivo entrenamiento para todo tu cuerpo. VALIDO SOLO EN AMERICA\" \/>\n<meta property=\"og:url\" content=\"https:\/\/www.latinationdance.com\/pt-pt\/producto\/america-3-latin\/\" \/>\n<meta property=\"og:site_name\" content=\"Latination Dance Workout\" \/>\n<meta property=\"article:publisher\" content=\"https:\/\/www.facebook.com\/Latinationofficial\/\" \/>\n<meta property=\"article:modified_time\" content=\"2025-01-14T03:12:54+00:00\" \/>\n<meta property=\"og:image\" content=\"https:\/\/www.latinationdance.com\/wp-content\/uploads\/2022\/05\/membresia-america-3-latin.png\" \/>\n\t<meta property=\"og:image:width\" content=\"517\" \/>\n\t<meta property=\"og:image:height\" content=\"517\" \/>\n\t<meta property=\"og:image:type\" content=\"image\/png\" \/>\n<meta name=\"twitter:card\" content=\"summary_large_image\" \/>\n<meta name=\"twitter:label1\" content=\"Tempo estimado de leitura\" \/>\n\t<meta name=\"twitter:data1\" content=\"1 minuto\" \/>\n<script type=\"application\/ld+json\" class=\"yoast-schema-graph\">{\"@context\":\"https:\/\/schema.org\",\"@graph\":[{\"@type\":\"WebPage\",\"@id\":\"https:\/\/www.latinationdance.com\/pt-pt\/producto\/america-3-latin\/\",\"url\":\"https:\/\/www.latinationdance.com\/pt-pt\/producto\/america-3-latin\/\",\"name\":\"AMERICA \u2022 3 LATIN $66 - Latination Dance Workout\",\"isPartOf\":{\"@id\":\"https:\/\/www.latinationdance.com\/#website\"},\"primaryImageOfPage\":{\"@id\":\"https:\/\/www.latinationdance.com\/pt-pt\/producto\/america-3-latin\/#primaryimage\"},\"image\":{\"@id\":\"https:\/\/www.latinationdance.com\/pt-pt\/producto\/america-3-latin\/#primaryimage\"},\"thumbnailUrl\":\"https:\/\/www.latinationdance.com\/wp-content\/uploads\/2022\/05\/membresia-america-3-latin.png\",\"datePublished\":\"2024-12-15T18:52:32+00:00\",\"dateModified\":\"2025-01-14T03:12:54+00:00\",\"breadcrumb\":{\"@id\":\"https:\/\/www.latinationdance.com\/pt-pt\/producto\/america-3-latin\/#breadcrumb\"},\"inLanguage\":\"pt-PT\",\"potentialAction\":[{\"@type\":\"ReadAction\",\"target\":[\"https:\/\/www.latinationdance.com\/pt-pt\/producto\/america-3-latin\/\"]}]},{\"@type\":\"ImageObject\",\"inLanguage\":\"pt-PT\",\"@id\":\"https:\/\/www.latinationdance.com\/pt-pt\/producto\/america-3-latin\/#primaryimage\",\"url\":\"https:\/\/www.latinationdance.com\/wp-content\/uploads\/2022\/05\/membresia-america-3-latin.png\",\"contentUrl\":\"https:\/\/www.latinationdance.com\/wp-content\/uploads\/2022\/05\/membresia-america-3-latin.png\",\"width\":517,\"height\":517},{\"@type\":\"BreadcrumbList\",\"@id\":\"https:\/\/www.latinationdance.com\/pt-pt\/producto\/america-3-latin\/#breadcrumb\",\"itemListElement\":[{\"@type\":\"ListItem\",\"position\":1,\"name\":\"Portada\",\"item\":\"https:\/\/www.latinationdance.com\/pt-pt\/\"},{\"@type\":\"ListItem\",\"position\":2,\"name\":\"Tienda\",\"item\":\"https:\/\/www.latinationdance.com\/tienda\/\"},{\"@type\":\"ListItem\",\"position\":3,\"name\":\"AMERICA \u2022 3 LATIN $66\"}]},{\"@type\":\"WebSite\",\"@id\":\"https:\/\/www.latinationdance.com\/#website\",\"url\":\"https:\/\/www.latinationdance.com\/\",\"name\":\"Latination Dance Workout\",\"description\":\"Haz de tu Pasi&oacute;n tu Profesi&oacute;n\",\"publisher\":{\"@id\":\"https:\/\/www.latinationdance.com\/#organization\"},\"potentialAction\":[{\"@type\":\"SearchAction\",\"target\":{\"@type\":\"EntryPoint\",\"urlTemplate\":\"https:\/\/www.latinationdance.com\/?s={search_term_string}\"},\"query-input\":{\"@type\":\"PropertyValueSpecification\",\"valueRequired\":true,\"valueName\":\"search_term_string\"}}],\"inLanguage\":\"pt-PT\"},{\"@type\":\"Organization\",\"@id\":\"https:\/\/www.latinationdance.com\/#organization\",\"name\":\"LATINATION Dance Workout\",\"url\":\"https:\/\/www.latinationdance.com\/\",\"logo\":{\"@type\":\"ImageObject\",\"inLanguage\":\"pt-PT\",\"@id\":\"https:\/\/www.latinationdance.com\/#\/schema\/logo\/image\/\",\"url\":\"https:\/\/www.latinationdance.com\/wp-content\/uploads\/2022\/01\/logo-latination.png\",\"contentUrl\":\"https:\/\/www.latinationdance.com\/wp-content\/uploads\/2022\/01\/logo-latination.png\",\"width\":512,\"height\":512,\"caption\":\"LATINATION Dance Workout\"},\"image\":{\"@id\":\"https:\/\/www.latinationdance.com\/#\/schema\/logo\/image\/\"},\"sameAs\":[\"https:\/\/www.facebook.com\/Latinationofficial\/\",\"https:\/\/www.instagram.com\/latination_official\/\",\"https:\/\/www.youtube.com\/channel\/UC1HTXqQn63bjAZSRcc9ZBVQ\"]}]}<\/script>\n<!-- \/ Yoast SEO plugin. -->","yoast_head_json":{"title":"AMERICA \u2022 3 LATIN $66 - Latination Dance Workout","robots":{"index":"index","follow":"follow","max-snippet":"max-snippet:-1","max-image-preview":"max-image-preview:large","max-video-preview":"max-video-preview:-1"},"canonical":"https:\/\/www.latinationdance.com\/pt-pt\/producto\/america-3-latin\/","og_locale":"pt_PT","og_type":"article","og_title":"AMERICA \u2022 3 LATIN $66 - Latination Dance Workout","og_description":"3 LATIN \u2022 AMERICA Descripci\u00f3n: MEMBRESIA DE 3 LATIN - Acceso a Coreograf\u00edas creativas, bilaterales y org\u00e1nicas ejecutadas con movimientos grandes. Haciendo as\u00ed un efectivo entrenamiento para todo tu cuerpo. VALIDO SOLO EN AMERICA","og_url":"https:\/\/www.latinationdance.com\/pt-pt\/producto\/america-3-latin\/","og_site_name":"Latination Dance Workout","article_publisher":"https:\/\/www.facebook.com\/Latinationofficial\/","article_modified_time":"2025-01-14T03:12:54+00:00","og_image":[{"width":517,"height":517,"url":"https:\/\/www.latinationdance.com\/wp-content\/uploads\/2022\/05\/membresia-america-3-latin.png","type":"image\/png"}],"twitter_card":"summary_large_image","twitter_misc":{"Tempo estimado de leitura":"1 minuto"},"schema":{"@context":"https:\/\/schema.org","@graph":[{"@type":"WebPage","@id":"https:\/\/www.latinationdance.com\/pt-pt\/producto\/america-3-latin\/","url":"https:\/\/www.latinationdance.com\/pt-pt\/producto\/america-3-latin\/","name":"AMERICA \u2022 3 LATIN $66 - Latination Dance Workout","isPartOf":{"@id":"https:\/\/www.latinationdance.com\/#website"},"primaryImageOfPage":{"@id":"https:\/\/www.latinationdance.com\/pt-pt\/producto\/america-3-latin\/#primaryimage"},"image":{"@id":"https:\/\/www.latinationdance.com\/pt-pt\/producto\/america-3-latin\/#primaryimage"},"thumbnailUrl":"https:\/\/www.latinationdance.com\/wp-content\/uploads\/2022\/05\/membresia-america-3-latin.png","datePublished":"2024-12-15T18:52:32+00:00","dateModified":"2025-01-14T03:12:54+00:00","breadcrumb":{"@id":"https:\/\/www.latinationdance.com\/pt-pt\/producto\/america-3-latin\/#breadcrumb"},"inLanguage":"pt-PT","potentialAction":[{"@type":"ReadAction","target":["https:\/\/www.latinationdance.com\/pt-pt\/producto\/america-3-latin\/"]}]},{"@type":"ImageObject","inLanguage":"pt-PT","@id":"https:\/\/www.latinationdance.com\/pt-pt\/producto\/america-3-latin\/#primaryimage","url":"https:\/\/www.latinationdance.com\/wp-content\/uploads\/2022\/05\/membresia-america-3-latin.png","contentUrl":"https:\/\/www.latinationdance.com\/wp-content\/uploads\/2022\/05\/membresia-america-3-latin.png","width":517,"height":517},{"@type":"BreadcrumbList","@id":"https:\/\/www.latinationdance.com\/pt-pt\/producto\/america-3-latin\/#breadcrumb","itemListElement":[{"@type":"ListItem","position":1,"name":"Portada","item":"https:\/\/www.latinationdance.com\/pt-pt\/"},{"@type":"ListItem","position":2,"name":"Tienda","item":"https:\/\/www.latinationdance.com\/tienda\/"},{"@type":"ListItem","position":3,"name":"AMERICA \u2022 3 LATIN $66"}]},{"@type":"WebSite","@id":"https:\/\/www.latinationdance.com\/#website","url":"https:\/\/www.latinationdance.com\/","name":"Latination Dance Workout","description":"Haz de tu Pasi&oacute;n tu Profesi&oacute;n","publisher":{"@id":"https:\/\/www.latinationdance.com\/#organization"},"potentialAction":[{"@type":"SearchAction","target":{"@type":"EntryPoint","urlTemplate":"https:\/\/www.latinationdance.com\/?s={search_term_string}"},"query-input":{"@type":"PropertyValueSpecification","valueRequired":true,"valueName":"search_term_string"}}],"inLanguage":"pt-PT"},{"@type":"Organization","@id":"https:\/\/www.latinationdance.com\/#organization","name":"LATINATION Dance Workout","url":"https:\/\/www.latinationdance.com\/","logo":{"@type":"ImageObject","inLanguage":"pt-PT","@id":"https:\/\/www.latinationdance.com\/#\/schema\/logo\/image\/","url":"https:\/\/www.latinationdance.com\/wp-content\/uploads\/2022\/01\/logo-latination.png","contentUrl":"https:\/\/www.latinationdance.com\/wp-content\/uploads\/2022\/01\/logo-latination.png","width":512,"height":512,"caption":"LATINATION Dance Workout"},"image":{"@id":"https:\/\/www.latinationdance.com\/#\/schema\/logo\/image\/"},"sameAs":["https:\/\/www.facebook.com\/Latinationofficial\/","https:\/\/www.instagram.com\/latination_official\/","https:\/\/www.youtube.com\/channel\/UC1HTXqQn63bjAZSRcc9ZBVQ"]}]}},"_links":{"self":[{"href":"https:\/\/www.latinationdance.com\/pt-pt\/wp-json\/wp\/v2\/product\/12162","targetHints":{"allow":["GET"]}}],"collection":[{"href":"https:\/\/www.latinationdance.com\/pt-pt\/wp-json\/wp\/v2\/product"}],"about":[{"href":"https:\/\/www.latinationdance.com\/pt-pt\/wp-json\/wp\/v2\/types\/product"}],"wp:featuredmedia":[{"embeddable":true,"href":"https:\/\/www.latinationdance.com\/pt-pt\/wp-json\/wp\/v2\/media\/12132"}],"wp:attachment":[{"href":"https:\/\/www.latinationdance.com\/pt-pt\/wp-json\/wp\/v2\/media?parent=12162"}],"wp:term":[{"taxonomy":"product_brand","embeddable":true,"href":"https:\/\/www.latinationdance.com\/pt-pt\/wp-json\/wp\/v2\/product_brand?post=12162"},{"taxonomy":"product_cat","embeddable":true,"href":"https:\/\/www.latinationdance.com\/pt-pt\/wp-json\/wp\/v2\/product_cat?post=12162"},{"taxonomy":"product_tag","embeddable":true,"href":"https:\/\/www.latinationdance.com\/pt-pt\/wp-json\/wp\/v2\/product_tag?post=12162"}],"curies":[{"name":"wp","href":"https:\/\/api.w.org\/{rel}","templated":true}]}}