{"id":8891,"date":"2022-11-06T13:49:30","date_gmt":"2022-11-06T18:49:30","guid":{"rendered":"https:\/\/www.latinationdance.com\/latins\/retro\/"},"modified":"2022-11-11T23:37:37","modified_gmt":"2022-11-12T04:37:37","slug":"retro","status":"publish","type":"page","link":"https:\/\/www.latinationdance.com\/pt-pt\/latins\/retro\/","title":{"rendered":"RETRO"},"content":{"rendered":"<div class=\"visrol\">Voc\u00ea n\u00e3o tem as permiss\u00f5es necess\u00e1rias para visualizar este conte\u00fado<\/div>","protected":false},"excerpt":{"rendered":"<p>Voc\u00ea n\u00e3o tem as permiss\u00f5es necess\u00e1rias para visualizar este conte\u00fado<\/p>\n","protected":false},"author":1,"featured_media":8689,"parent":8879,"menu_order":0,"comment_status":"closed","ping_status":"closed","template":"","meta":{"_acf_changed":false,"footnotes":""},"class_list":["post-8891","page","type-page","status-publish","has-post-thumbnail","hentry","description-off"],"acf":[],"yoast_head":"<!-- This site is optimized with the Yoast SEO plugin v25.5 - https:\/\/yoast.com\/wordpress\/plugins\/seo\/ -->\n<title>RETRO - Latination Dance Workout<\/title>\n<meta name=\"robots\" content=\"index, follow, max-snippet:-1, max-image-preview:large, max-video-preview:-1\" \/>\n<link rel=\"canonical\" href=\"https:\/\/www.latinationdance.com\/pt-pt\/latins\/retro\/\" \/>\n<meta property=\"og:locale\" content=\"pt_PT\" \/>\n<meta property=\"og:type\" content=\"article\" \/>\n<meta property=\"og:title\" content=\"RETRO - Latination Dance Workout\" \/>\n<meta property=\"og:description\" content=\"Voc\u00ea n\u00e3o tem as permiss\u00f5es necess\u00e1rias para visualizar este conte\u00fado\" \/>\n<meta property=\"og:url\" content=\"https:\/\/www.latinationdance.com\/pt-pt\/latins\/retro\/\" \/>\n<meta property=\"og:site_name\" content=\"Latination Dance Workout\" \/>\n<meta property=\"article:publisher\" content=\"https:\/\/www.facebook.com\/Latinationofficial\/\" \/>\n<meta property=\"article:modified_time\" content=\"2022-11-12T04:37:37+00:00\" \/>\n<meta property=\"og:image\" content=\"https:\/\/www.latinationdance.com\/wp-content\/uploads\/2022\/11\/fondo-retro.jpg\" \/>\n\t<meta property=\"og:image:width\" content=\"1600\" \/>\n\t<meta property=\"og:image:height\" content=\"400\" \/>\n\t<meta property=\"og:image:type\" content=\"image\/jpeg\" \/>\n<meta name=\"twitter:card\" content=\"summary_large_image\" \/>\n<meta name=\"twitter:label1\" content=\"Tempo estimado de leitura\" \/>\n\t<meta name=\"twitter:data1\" content=\"1 minuto\" \/>\n<script type=\"application\/ld+json\" class=\"yoast-schema-graph\">{\"@context\":\"https:\/\/schema.org\",\"@graph\":[{\"@type\":\"WebPage\",\"@id\":\"https:\/\/www.latinationdance.com\/pt-pt\/latins\/retro\/\",\"url\":\"https:\/\/www.latinationdance.com\/pt-pt\/latins\/retro\/\",\"name\":\"RETRO - Latination Dance Workout\",\"isPartOf\":{\"@id\":\"https:\/\/www.latinationdance.com\/#website\"},\"primaryImageOfPage\":{\"@id\":\"https:\/\/www.latinationdance.com\/pt-pt\/latins\/retro\/#primaryimage\"},\"image\":{\"@id\":\"https:\/\/www.latinationdance.com\/pt-pt\/latins\/retro\/#primaryimage\"},\"thumbnailUrl\":\"https:\/\/www.latinationdance.com\/wp-content\/uploads\/2022\/11\/fondo-retro.jpg\",\"datePublished\":\"2022-11-06T18:49:30+00:00\",\"dateModified\":\"2022-11-12T04:37:37+00:00\",\"breadcrumb\":{\"@id\":\"https:\/\/www.latinationdance.com\/pt-pt\/latins\/retro\/#breadcrumb\"},\"inLanguage\":\"pt-PT\",\"potentialAction\":[{\"@type\":\"ReadAction\",\"target\":[\"https:\/\/www.latinationdance.com\/pt-pt\/latins\/retro\/\"]}]},{\"@type\":\"ImageObject\",\"inLanguage\":\"pt-PT\",\"@id\":\"https:\/\/www.latinationdance.com\/pt-pt\/latins\/retro\/#primaryimage\",\"url\":\"https:\/\/www.latinationdance.com\/wp-content\/uploads\/2022\/11\/fondo-retro.jpg\",\"contentUrl\":\"https:\/\/www.latinationdance.com\/wp-content\/uploads\/2022\/11\/fondo-retro.jpg\",\"width\":1600,\"height\":400},{\"@type\":\"BreadcrumbList\",\"@id\":\"https:\/\/www.latinationdance.com\/pt-pt\/latins\/retro\/#breadcrumb\",\"itemListElement\":[{\"@type\":\"ListItem\",\"position\":1,\"name\":\"Portada\",\"item\":\"https:\/\/www.latinationdance.com\/pt-pt\/\"},{\"@type\":\"ListItem\",\"position\":2,\"name\":\"LATINS\",\"item\":\"https:\/\/www.latinationdance.com\/pt-pt\/latins\/\"},{\"@type\":\"ListItem\",\"position\":3,\"name\":\"RETRO\"}]},{\"@type\":\"WebSite\",\"@id\":\"https:\/\/www.latinationdance.com\/#website\",\"url\":\"https:\/\/www.latinationdance.com\/\",\"name\":\"Latination Dance Workout\",\"description\":\"Haz de tu Pasi&oacute;n tu Profesi&oacute;n\",\"publisher\":{\"@id\":\"https:\/\/www.latinationdance.com\/#organization\"},\"potentialAction\":[{\"@type\":\"SearchAction\",\"target\":{\"@type\":\"EntryPoint\",\"urlTemplate\":\"https:\/\/www.latinationdance.com\/?s={search_term_string}\"},\"query-input\":{\"@type\":\"PropertyValueSpecification\",\"valueRequired\":true,\"valueName\":\"search_term_string\"}}],\"inLanguage\":\"pt-PT\"},{\"@type\":\"Organization\",\"@id\":\"https:\/\/www.latinationdance.com\/#organization\",\"name\":\"LATINATION Dance Workout\",\"url\":\"https:\/\/www.latinationdance.com\/\",\"logo\":{\"@type\":\"ImageObject\",\"inLanguage\":\"pt-PT\",\"@id\":\"https:\/\/www.latinationdance.com\/#\/schema\/logo\/image\/\",\"url\":\"https:\/\/www.latinationdance.com\/wp-content\/uploads\/2022\/01\/logo-latination.png\",\"contentUrl\":\"https:\/\/www.latinationdance.com\/wp-content\/uploads\/2022\/01\/logo-latination.png\",\"width\":512,\"height\":512,\"caption\":\"LATINATION Dance Workout\"},\"image\":{\"@id\":\"https:\/\/www.latinationdance.com\/#\/schema\/logo\/image\/\"},\"sameAs\":[\"https:\/\/www.facebook.com\/Latinationofficial\/\",\"https:\/\/www.instagram.com\/latination_official\/\",\"https:\/\/www.youtube.com\/channel\/UC1HTXqQn63bjAZSRcc9ZBVQ\"]}]}<\/script>\n<!-- \/ Yoast SEO plugin. -->","yoast_head_json":{"title":"RETRO - Latination Dance Workout","robots":{"index":"index","follow":"follow","max-snippet":"max-snippet:-1","max-image-preview":"max-image-preview:large","max-video-preview":"max-video-preview:-1"},"canonical":"https:\/\/www.latinationdance.com\/pt-pt\/latins\/retro\/","og_locale":"pt_PT","og_type":"article","og_title":"RETRO - Latination Dance Workout","og_description":"Voc\u00ea n\u00e3o tem as permiss\u00f5es necess\u00e1rias para visualizar este conte\u00fado","og_url":"https:\/\/www.latinationdance.com\/pt-pt\/latins\/retro\/","og_site_name":"Latination Dance Workout","article_publisher":"https:\/\/www.facebook.com\/Latinationofficial\/","article_modified_time":"2022-11-12T04:37:37+00:00","og_image":[{"width":1600,"height":400,"url":"https:\/\/www.latinationdance.com\/wp-content\/uploads\/2022\/11\/fondo-retro.jpg","type":"image\/jpeg"}],"twitter_card":"summary_large_image","twitter_misc":{"Tempo estimado de leitura":"1 minuto"},"schema":{"@context":"https:\/\/schema.org","@graph":[{"@type":"WebPage","@id":"https:\/\/www.latinationdance.com\/pt-pt\/latins\/retro\/","url":"https:\/\/www.latinationdance.com\/pt-pt\/latins\/retro\/","name":"RETRO - Latination Dance Workout","isPartOf":{"@id":"https:\/\/www.latinationdance.com\/#website"},"primaryImageOfPage":{"@id":"https:\/\/www.latinationdance.com\/pt-pt\/latins\/retro\/#primaryimage"},"image":{"@id":"https:\/\/www.latinationdance.com\/pt-pt\/latins\/retro\/#primaryimage"},"thumbnailUrl":"https:\/\/www.latinationdance.com\/wp-content\/uploads\/2022\/11\/fondo-retro.jpg","datePublished":"2022-11-06T18:49:30+00:00","dateModified":"2022-11-12T04:37:37+00:00","breadcrumb":{"@id":"https:\/\/www.latinationdance.com\/pt-pt\/latins\/retro\/#breadcrumb"},"inLanguage":"pt-PT","potentialAction":[{"@type":"ReadAction","target":["https:\/\/www.latinationdance.com\/pt-pt\/latins\/retro\/"]}]},{"@type":"ImageObject","inLanguage":"pt-PT","@id":"https:\/\/www.latinationdance.com\/pt-pt\/latins\/retro\/#primaryimage","url":"https:\/\/www.latinationdance.com\/wp-content\/uploads\/2022\/11\/fondo-retro.jpg","contentUrl":"https:\/\/www.latinationdance.com\/wp-content\/uploads\/2022\/11\/fondo-retro.jpg","width":1600,"height":400},{"@type":"BreadcrumbList","@id":"https:\/\/www.latinationdance.com\/pt-pt\/latins\/retro\/#breadcrumb","itemListElement":[{"@type":"ListItem","position":1,"name":"Portada","item":"https:\/\/www.latinationdance.com\/pt-pt\/"},{"@type":"ListItem","position":2,"name":"LATINS","item":"https:\/\/www.latinationdance.com\/pt-pt\/latins\/"},{"@type":"ListItem","position":3,"name":"RETRO"}]},{"@type":"WebSite","@id":"https:\/\/www.latinationdance.com\/#website","url":"https:\/\/www.latinationdance.com\/","name":"Latination Dance Workout","description":"Haz de tu Pasi&oacute;n tu Profesi&oacute;n","publisher":{"@id":"https:\/\/www.latinationdance.com\/#organization"},"potentialAction":[{"@type":"SearchAction","target":{"@type":"EntryPoint","urlTemplate":"https:\/\/www.latinationdance.com\/?s={search_term_string}"},"query-input":{"@type":"PropertyValueSpecification","valueRequired":true,"valueName":"search_term_string"}}],"inLanguage":"pt-PT"},{"@type":"Organization","@id":"https:\/\/www.latinationdance.com\/#organization","name":"LATINATION Dance Workout","url":"https:\/\/www.latinationdance.com\/","logo":{"@type":"ImageObject","inLanguage":"pt-PT","@id":"https:\/\/www.latinationdance.com\/#\/schema\/logo\/image\/","url":"https:\/\/www.latinationdance.com\/wp-content\/uploads\/2022\/01\/logo-latination.png","contentUrl":"https:\/\/www.latinationdance.com\/wp-content\/uploads\/2022\/01\/logo-latination.png","width":512,"height":512,"caption":"LATINATION Dance Workout"},"image":{"@id":"https:\/\/www.latinationdance.com\/#\/schema\/logo\/image\/"},"sameAs":["https:\/\/www.facebook.com\/Latinationofficial\/","https:\/\/www.instagram.com\/latination_official\/","https:\/\/www.youtube.com\/channel\/UC1HTXqQn63bjAZSRcc9ZBVQ"]}]}},"_links":{"self":[{"href":"https:\/\/www.latinationdance.com\/pt-pt\/wp-json\/wp\/v2\/pages\/8891","targetHints":{"allow":["GET"]}}],"collection":[{"href":"https:\/\/www.latinationdance.com\/pt-pt\/wp-json\/wp\/v2\/pages"}],"about":[{"href":"https:\/\/www.latinationdance.com\/pt-pt\/wp-json\/wp\/v2\/types\/page"}],"author":[{"embeddable":true,"href":"https:\/\/www.latinationdance.com\/pt-pt\/wp-json\/wp\/v2\/users\/1"}],"replies":[{"embeddable":true,"href":"https:\/\/www.latinationdance.com\/pt-pt\/wp-json\/wp\/v2\/comments?post=8891"}],"version-history":[{"count":1,"href":"https:\/\/www.latinationdance.com\/pt-pt\/wp-json\/wp\/v2\/pages\/8891\/revisions"}],"predecessor-version":[{"id":8892,"href":"https:\/\/www.latinationdance.com\/pt-pt\/wp-json\/wp\/v2\/pages\/8891\/revisions\/8892"}],"up":[{"embeddable":true,"href":"https:\/\/www.latinationdance.com\/pt-pt\/wp-json\/wp\/v2\/pages\/8879"}],"wp:featuredmedia":[{"embeddable":true,"href":"https:\/\/www.latinationdance.com\/pt-pt\/wp-json\/wp\/v2\/media\/8689"}],"wp:attachment":[{"href":"https:\/\/www.latinationdance.com\/pt-pt\/wp-json\/wp\/v2\/media?parent=8891"}],"curies":[{"name":"wp","href":"https:\/\/api.w.org\/{rel}","templated":true}]}}